{"id":31,"date":"2024-05-28T06:14:30","date_gmt":"2024-05-28T06:14:30","guid":{"rendered":"https:\/\/www.laligurans.cz\/?page_id=31"},"modified":"2025-09-26T12:43:57","modified_gmt":"2025-09-26T12:43:57","slug":"o-nas","status":"publish","type":"page","link":"https:\/\/www.laligurans.cz\/","title":{"rendered":""},"content":{"rendered":"\n<p><\/p>\n\n\n\n<p><\/p>\n\n\n\n<p><\/p>\n\n\n\n<h2 class=\"wp-block-heading\">O n\u00e1s<\/h2>\n\n\n\n<p><\/p>\n\n\n\n<p class=\"has-text-align-center\" style=\"font-size:clamp(1.092rem, 1.092rem + ((1vw - 0.2rem) * 1.013), 1.7rem);\">Laligurans je tradi\u010dn\u00ed indick\u00e1 restaurace, kde pokrmy p\u0159ipravuj\u00ed pouze rodil\u00ed kucha\u0159i, kte\u0159\u00ed dokonale ovl\u00e1daj\u00ed tajemstv\u00ed receptur ze v\u0161ech kout\u016f Indie. Indick\u00e1 kuchyn\u011b je zn\u00e1ma pestrost\u00ed chut\u00ed d\u00edky jedine\u010dn\u00e9 kombinaci \u010derstv\u00fdch p\u0159\u00edsad a orient\u00e1ln\u00edho ko\u0159en\u00ed. Z \u0161irok\u00e9 \u0161k\u00e1ly nab\u00edzen\u00fdch pokrm\u016f si vyberou jak znalci indick\u00e9 kuchyn\u011b, tak i rodiny s mal\u00fdmi d\u011btmi, proto\u017ee v&nbsp;na\u0161em j\u00eddeln\u00edm l\u00edstku najdete jak ost\u0159ej\u0161\u00ed j\u00eddla, tak i j\u00eddla jemn\u00e1 \u010di nasl\u00e1dl\u00e1. Ka\u017ed\u00fd v\u0161edn\u00ed den nab\u00edz\u00edme poledn\u00ed menu od 11. do 15.&nbsp;hodiny.<\/p>\n\n\n\n<figure class=\"wp-block-image aligncenter size-large\"><img loading=\"lazy\" decoding=\"async\" width=\"1024\" height=\"693\" src=\"http:\/\/www.laligurans.cz\/wp-content\/uploads\/2024\/06\/foods-1024x693.png\" alt=\"\" class=\"wp-image-63\" srcset=\"https:\/\/www.laligurans.cz\/wp-content\/uploads\/2024\/06\/foods-1024x693.png 1024w, https:\/\/www.laligurans.cz\/wp-content\/uploads\/2024\/06\/foods-300x203.png 300w, https:\/\/www.laligurans.cz\/wp-content\/uploads\/2024\/06\/foods-768x520.png 768w, https:\/\/www.laligurans.cz\/wp-content\/uploads\/2024\/06\/foods-1536x1040.png 1536w, https:\/\/www.laligurans.cz\/wp-content\/uploads\/2024\/06\/foods.png 2000w\" sizes=\"auto, (max-width: 1024px) 100vw, 1024px\" \/><\/figure>\n","protected":false},"excerpt":{"rendered":"<p>O n\u00e1s Laligurans je tradi\u010dn\u00ed indick\u00e1 restaurace, kde pokrmy p\u0159ipravuj\u00ed pouze rodil\u00ed kucha\u0159i, kte\u0159\u00ed dokonale ovl\u00e1daj\u00ed tajemstv\u00ed receptur ze v\u0161ech kout\u016f Indie. Indick\u00e1 kuchyn\u011b je zn\u00e1ma pestrost\u00ed chut\u00ed d\u00edky jedine\u010dn\u00e9 kombinaci \u010derstv\u00fdch p\u0159\u00edsad a orient\u00e1ln\u00edho ko\u0159en\u00ed. Z \u0161irok\u00e9 \u0161k\u00e1ly nab\u00edzen\u00fdch pokrm\u016f si vyberou jak znalci indick\u00e9 kuchyn\u011b, tak i rodiny s mal\u00fdmi d\u011btmi, proto\u017ee v&nbsp;na\u0161em [&hellip;]<\/p>\n","protected":false},"author":1,"featured_media":28,"parent":0,"menu_order":0,"comment_status":"closed","ping_status":"closed","template":"","meta":{"footnotes":""},"class_list":["post-31","page","type-page","status-publish","has-post-thumbnail","hentry"],"_links":{"self":[{"href":"https:\/\/www.laligurans.cz\/index.php?rest_route=\/wp\/v2\/pages\/31","targetHints":{"allow":["GET"]}}],"collection":[{"href":"https:\/\/www.laligurans.cz\/index.php?rest_route=\/wp\/v2\/pages"}],"about":[{"href":"https:\/\/www.laligurans.cz\/index.php?rest_route=\/wp\/v2\/types\/page"}],"author":[{"embeddable":true,"href":"https:\/\/www.laligurans.cz\/index.php?rest_route=\/wp\/v2\/users\/1"}],"replies":[{"embeddable":true,"href":"https:\/\/www.laligurans.cz\/index.php?rest_route=%2Fwp%2Fv2%2Fcomments&post=31"}],"version-history":[{"count":8,"href":"https:\/\/www.laligurans.cz\/index.php?rest_route=\/wp\/v2\/pages\/31\/revisions"}],"predecessor-version":[{"id":137,"href":"https:\/\/www.laligurans.cz\/index.php?rest_route=\/wp\/v2\/pages\/31\/revisions\/137"}],"wp:featuredmedia":[{"embeddable":true,"href":"https:\/\/www.laligurans.cz\/index.php?rest_route=\/wp\/v2\/media\/28"}],"wp:attachment":[{"href":"https:\/\/www.laligurans.cz\/index.php?rest_route=%2Fwp%2Fv2%2Fmedia&parent=31"}],"curies":[{"name":"wp","href":"https:\/\/api.w.org\/{rel}","templated":true}]}}